{"id":3,"date":"2024-08-14T16:55:56","date_gmt":"2024-08-14T16:55:56","guid":{"rendered":"https:\/\/rooferslocal44.org\/?page_id=3"},"modified":"2025-10-01T19:27:26","modified_gmt":"2025-10-01T19:27:26","slug":"privacy-policy","status":"publish","type":"page","link":"https:\/\/rooferslocal44.org\/es\/privacy-policy\/","title":{"rendered":"pol\u00edtica de privacidad"},"content":{"rendered":"<p>[et_pb_section fb_built=&#8221;1&#8243; _builder_version=&#8221;4.16&#8243; global_colors_info=&#8221;{}&#8221; theme_builder_area=&#8221;post_content&#8221;][et_pb_row _builder_version=&#8221;4.16&#8243; background_size=&#8221;initial&#8221; background_position=&#8221;top_left&#8221; background_repeat=&#8221;repeat&#8221; global_colors_info=&#8221;{}&#8221; theme_builder_area=&#8221;post_content&#8221;][et_pb_column type=&#8221;4_4&#8243; _builder_version=&#8221;4.16&#8243; custom_padding=&#8221;|||&#8221; global_colors_info=&#8221;{}&#8221; custom_padding__hover=&#8221;|||&#8221; theme_builder_area=&#8221;post_content&#8221;][et_pb_text _builder_version=&#8221;4.27.4&#8243; background_size=&#8221;initial&#8221; background_position=&#8221;top_left&#8221; background_repeat=&#8221;repeat&#8221; hover_enabled=&#8221;0&#8243; custom_css_free_form=&#8221;selector h2 {margin-top: 20px;color: #8A1B1C;}&#8221; global_colors_info=&#8221;{}&#8221; theme_builder_area=&#8221;post_content&#8221; sticky_enabled=&#8221;0&#8243;]<span style=\"font-weight: 400;\">Gracias por visitarnos <a href=\"https:\/\/rooferslocal44.org\/es\/\">techadoreslocal44.org<\/a>Esta Pol\u00edtica de Privacidad describe c\u00f3mo recopilamos, usamos y protegemos su informaci\u00f3n cuando utiliza nuestro sitio web.\u00a0<\/span><\/p>\n<h2><b>Informaci\u00f3n que recopilamos<\/b><\/h2>\n<p><span style=\"font-weight: 400;\">Recopilamos los siguientes tipos de informaci\u00f3n cuando interact\u00faa con nuestro sitio web:<\/span><\/p>\n<ul>\n<li style=\"font-weight: 400;\" aria-level=\"1\"><span style=\"text-decoration: underline;\">Datos personales<\/span><span style=\"font-weight: 400;\">:Informaci\u00f3n como su nombre, direcci\u00f3n de correo electr\u00f3nico y n\u00famero de tel\u00e9fono que usted proporciona voluntariamente a trav\u00e9s de esta p\u00e1gina.<\/span><\/li>\n<li style=\"font-weight: 400;\" aria-level=\"1\"><span style=\"text-decoration: underline;\">Datos no personales<\/span><span style=\"font-weight: 400;\">:Informaci\u00f3n como direcciones IP, tipos de navegador y datos de uso recopilados a trav\u00e9s de cookies y tecnolog\u00edas similares.<\/span><\/li>\n<\/ul>\n<h2><b>C\u00f3mo usamos su informaci\u00f3n<\/b><\/h2>\n<ul>\n<li style=\"font-weight: 400;\" aria-level=\"1\"><span style=\"font-weight: 400;\">Si proporciona su nombre, n\u00famero de tel\u00e9fono y\/o direcci\u00f3n de correo electr\u00f3nico a trav\u00e9s de nuestro \u201c<a href=\"https:\/\/rooferslocal44.org\/es\/contact-us\/\">Cont\u00e1ctenos<\/a>\u201d, le llamaremos y\/o le enviaremos un correo electr\u00f3nico en respuesta a su mensaje.\u00a0<\/span><\/li>\n<li style=\"font-weight: 400;\" aria-level=\"1\"><span style=\"font-weight: 400;\">No utilizaremos la informaci\u00f3n obtenida en nuestro sitio web para enviar comunicaciones transaccionales o promocionales v\u00eda SMS o de otro modo.\u00a0<\/span><\/li>\n<\/ul>\n<h2><b>Intercambio de informaci\u00f3n<\/b><\/h2>\n<ul>\n<li style=\"font-weight: 400;\" aria-level=\"1\"><span style=\"font-weight: 400;\">No vendemos ni alquilamos sus Datos Personales a terceros.\u00a0<\/span><\/li>\n<li style=\"font-weight: 400;\" aria-level=\"1\"><span style=\"font-weight: 400;\">Podemos compartir su informaci\u00f3n para cumplir con obligaciones legales, hacer cumplir nuestras pol\u00edticas o proteger nuestros derechos.\u00a0<\/span><\/li>\n<\/ul>\n<h2><b>Cookies y tecnolog\u00edas de seguimiento<\/b><span style=\"font-weight: 400;\"><\/span><\/h2>\n<p><span style=\"font-weight: 400;\">Utilizamos cookies y tecnolog\u00edas similares para mejorar la experiencia del usuario y analizar el rendimiento del sitio web. Puede gestionar sus preferencias de cookies a trav\u00e9s de la configuraci\u00f3n de su navegador. <\/span><\/p>\n<h2><b>Seguridad de datos<\/b><\/h2>\n<p><span style=\"font-weight: 400;\">Implementamos medidas t\u00e9cnicas y organizativas apropiadas para proteger sus datos contra acceso, alteraci\u00f3n o divulgaci\u00f3n no autorizados.\u00a0<\/span><\/p>\n<h2><b>Sus derechos<\/b><\/h2>\n<p><span style=\"font-weight: 400;\">Usted puede tener derecho a acceder, corregir o eliminar sus Datos Personales.<\/span><\/p>\n<h2><b>REQUEST YOUR DATA BE REMOVED<\/b><\/h2>\n<p><span style=\"font-weight: 400;\">If you would like your data removed from our website (rooferslocal44.org) or our App (Roofers Local 44 App)<br \/>\nPlease send an email to: apps@bmamedia.com. Please specify your name and what data you would like to be removed.<br \/>\nWe will remove your data 30 days from your request, and you will receive a confirmation email about your data being removed.<\/span><\/p>\n<h2><b>Privacidad de los ni\u00f1os<\/b><\/h2>\n<p><span style=\"font-weight: 400;\">Nuestro sitio web y nuestros servicios no est\u00e1n dirigidos a ni\u00f1os menores de 13 a\u00f1os y no recopilamos intencionalmente datos personales de ni\u00f1os.<\/span>[\/et_pb_text][\/et_pb_column][\/et_pb_row][\/et_pb_section]<\/p>","protected":false},"excerpt":{"rendered":"<p>Thank you for visiting rooferslocal44.org. This Privacy Policy describes how we collect, use, and protect your information when you use our website.\u00a0 Information We Collect We collect the following types of information when you interact with our website: Personal Data: Information such as your name, email address, and phone number that you provide voluntarily through [&hellip;]<\/p>","protected":false},"author":1,"featured_media":0,"parent":0,"menu_order":0,"comment_status":"closed","ping_status":"open","template":"","meta":{"_et_pb_use_builder":"on","_et_pb_old_content":"<!-- wp:heading -->\r\n<h2 class=\"wp-block-heading\">Who we are<\/h2>\r\n<!-- \/wp:heading --><!-- wp:paragraph -->\r\n<p><strong class=\"privacy-policy-tutorial\">Suggested text: <\/strong>Our website address is: https:\/\/rooferslocal44.org.<\/p>\r\n<!-- \/wp:paragraph --><!-- wp:heading -->\r\n<h2 class=\"wp-block-heading\">Comments<\/h2>\r\n<!-- \/wp:heading --><!-- wp:paragraph -->\r\n<p><strong class=\"privacy-policy-tutorial\">Suggested text: <\/strong>When visitors leave comments on the site we collect the data shown in the comments form, and also the visitor\u2019s IP address and browser user agent string to help spam detection.<\/p>\r\n<!-- \/wp:paragraph --><!-- wp:paragraph -->\r\n<p>An anonymized string created from your email address (also called a hash) may be provided to the Gravatar service to see if you are using it. The Gravatar service privacy policy is available here: https:\/\/automattic.com\/privacy\/. After approval of your comment, your profile picture is visible to the public in the context of your comment.<\/p>\r\n<!-- \/wp:paragraph --><!-- wp:heading -->\r\n<h2 class=\"wp-block-heading\">Media<\/h2>\r\n<!-- \/wp:heading --><!-- wp:paragraph -->\r\n<p><strong class=\"privacy-policy-tutorial\">Suggested text: <\/strong>If you upload images to the website, you should avoid uploading images with embedded location data (EXIF GPS) included. Visitors to the website can download and extract any location data from images on the website.<\/p>\r\n<!-- \/wp:paragraph --><!-- wp:heading -->\r\n<h2 class=\"wp-block-heading\">Cookies<\/h2>\r\n<!-- \/wp:heading --><!-- wp:paragraph -->\r\n<p><strong class=\"privacy-policy-tutorial\">Suggested text: <\/strong>If you leave a comment on our site you may opt-in to saving your name, email address and website in cookies. These are for your convenience so that you do not have to fill in your details again when you leave another comment. These cookies will last for one year.<\/p>\r\n<!-- \/wp:paragraph --><!-- wp:paragraph -->\r\n<p>If you visit our login page, we will set a temporary cookie to determine if your browser accepts cookies. This cookie contains no personal data and is discarded when you close your browser.<\/p>\r\n<!-- \/wp:paragraph --><!-- wp:paragraph -->\r\n<p>When you log in, we will also set up several cookies to save your login information and your screen display choices. Login cookies last for two days, and screen options cookies last for a year. If you select \"Remember Me\", your login will persist for two weeks. If you log out of your account, the login cookies will be removed.<\/p>\r\n<!-- \/wp:paragraph --><!-- wp:paragraph -->\r\n<p>If you edit or publish an article, an additional cookie will be saved in your browser. This cookie includes no personal data and simply indicates the post ID of the article you just edited. It expires after 1 day.<\/p>\r\n<!-- \/wp:paragraph --><!-- wp:heading -->\r\n<h2 class=\"wp-block-heading\">Embedded content from other websites<\/h2>\r\n<!-- \/wp:heading --><!-- wp:paragraph -->\r\n<p><strong class=\"privacy-policy-tutorial\">Suggested text: <\/strong>Articles on this site may include embedded content (e.g. videos, images, articles, etc.). Embedded content from other websites behaves in the exact same way as if the visitor has visited the other website.<\/p>\r\n<!-- \/wp:paragraph --><!-- wp:paragraph -->\r\n<p>These websites may collect data about you, use cookies, embed additional third-party tracking, and monitor your interaction with that embedded content, including tracking your interaction with the embedded content if you have an account and are logged in to that website.<\/p>\r\n<!-- \/wp:paragraph --><!-- wp:heading -->\r\n<h2 class=\"wp-block-heading\">Who we share your data with<\/h2>\r\n<!-- \/wp:heading --><!-- wp:paragraph -->\r\n<p><strong class=\"privacy-policy-tutorial\">Suggested text: <\/strong>If you request a password reset, your IP address will be included in the reset email.<\/p>\r\n<!-- \/wp:paragraph --><!-- wp:heading -->\r\n<h2 class=\"wp-block-heading\">How long we retain your data<\/h2>\r\n<!-- \/wp:heading --><!-- wp:paragraph -->\r\n<p><strong class=\"privacy-policy-tutorial\">Suggested text: <\/strong>If you leave a comment, the comment and its metadata are retained indefinitely. This is so we can recognize and approve any follow-up comments automatically instead of holding them in a moderation queue.<\/p>\r\n<!-- \/wp:paragraph --><!-- wp:paragraph -->\r\n<p>For users that register on our website (if any), we also store the personal information they provide in their user profile. All users can see, edit, or delete their personal information at any time (except they cannot change their username). Website administrators can also see and edit that information.<\/p>\r\n<!-- \/wp:paragraph --><!-- wp:heading -->\r\n<h2 class=\"wp-block-heading\">What rights you have over your data<\/h2>\r\n<!-- \/wp:heading --><!-- wp:paragraph -->\r\n<p><strong class=\"privacy-policy-tutorial\">Suggested text: <\/strong>If you have an account on this site, or have left comments, you can request to receive an exported file of the personal data we hold about you, including any data you have provided to us. You can also request that we erase any personal data we hold about you. This does not include any data we are obliged to keep for administrative, legal, or security purposes.<\/p>\r\n<!-- \/wp:paragraph --><!-- wp:heading -->\r\n<h2 class=\"wp-block-heading\">Where your data is sent<\/h2>\r\n<!-- \/wp:heading --><!-- wp:paragraph -->\r\n<p><strong class=\"privacy-policy-tutorial\">Suggested text: <\/strong>Visitor comments may be checked through an automated spam detection service.<\/p>\r\n<!-- \/wp:paragraph -->\r\n<p>\u00a0<\/p>","_et_gb_content_width":"","inline_featured_image":false,"footnotes":""},"class_list":["post-3","page","type-page","status-publish","hentry"],"ams_acf":[],"yoast_head":"<!-- This site is optimized with the Yoast SEO plugin v25.3 - https:\/\/yoast.com\/wordpress\/plugins\/seo\/ -->\n<title>Privacy Policy - Roofers Local Union 44<\/title>\n<meta name=\"robots\" content=\"index, follow, max-snippet:-1, max-image-preview:large, max-video-preview:-1\" \/>\n<link rel=\"canonical\" href=\"https:\/\/rooferslocal44.org\/es\/privacy-policy\/\" \/>\n<meta property=\"og:locale\" content=\"es_MX\" \/>\n<meta property=\"og:type\" content=\"article\" \/>\n<meta property=\"og:title\" content=\"Privacy Policy - Roofers Local Union 44\" \/>\n<meta property=\"og:description\" content=\"Thank you for visiting rooferslocal44.org. This Privacy Policy describes how we collect, use, and protect your information when you use our website.\u00a0 Information We Collect We collect the following types of information when you interact with our website: Personal Data: Information such as your name, email address, and phone number that you provide voluntarily through [&hellip;]\" \/>\n<meta property=\"og:url\" content=\"https:\/\/rooferslocal44.org\/es\/privacy-policy\/\" \/>\n<meta property=\"og:site_name\" content=\"Roofers Local Union 44\" \/>\n<meta property=\"article:publisher\" content=\"https:\/\/www.facebook.com\/rwlocal44\" \/>\n<meta property=\"article:modified_time\" content=\"2025-10-01T19:27:26+00:00\" \/>\n<meta name=\"twitter:card\" content=\"summary_large_image\" \/>\n<meta name=\"twitter:label1\" content=\"Tiempo de lectura\" \/>\n\t<meta name=\"twitter:data1\" content=\"2 minutos\" \/>\n<script type=\"application\/ld+json\" class=\"yoast-schema-graph\">{\"@context\":\"https:\/\/schema.org\",\"@graph\":[{\"@type\":\"WebPage\",\"@id\":\"https:\/\/rooferslocal44.org\/privacy-policy\/\",\"url\":\"https:\/\/rooferslocal44.org\/privacy-policy\/\",\"name\":\"Privacy Policy - Roofers Local Union 44\",\"isPartOf\":{\"@id\":\"https:\/\/rooferslocal44.org\/#website\"},\"datePublished\":\"2024-08-14T16:55:56+00:00\",\"dateModified\":\"2025-10-01T19:27:26+00:00\",\"breadcrumb\":{\"@id\":\"https:\/\/rooferslocal44.org\/privacy-policy\/#breadcrumb\"},\"inLanguage\":\"es\",\"potentialAction\":[{\"@type\":\"ReadAction\",\"target\":[\"https:\/\/rooferslocal44.org\/privacy-policy\/\"]}]},{\"@type\":\"BreadcrumbList\",\"@id\":\"https:\/\/rooferslocal44.org\/privacy-policy\/#breadcrumb\",\"itemListElement\":[{\"@type\":\"ListItem\",\"position\":1,\"name\":\"Home\",\"item\":\"https:\/\/rooferslocal44.org\/\"},{\"@type\":\"ListItem\",\"position\":2,\"name\":\"Privacy Policy\"}]},{\"@type\":\"WebSite\",\"@id\":\"https:\/\/rooferslocal44.org\/#website\",\"url\":\"https:\/\/rooferslocal44.org\/\",\"name\":\"Roofers Local Union 44\",\"description\":\"Roofers &amp; Waterproofers Local Union 44, Cleveland, Ohio\",\"publisher\":{\"@id\":\"https:\/\/rooferslocal44.org\/#organization\"},\"potentialAction\":[{\"@type\":\"SearchAction\",\"target\":{\"@type\":\"EntryPoint\",\"urlTemplate\":\"https:\/\/rooferslocal44.org\/?s={search_term_string}\"},\"query-input\":{\"@type\":\"PropertyValueSpecification\",\"valueRequired\":true,\"valueName\":\"search_term_string\"}}],\"inLanguage\":\"es\"},{\"@type\":\"Organization\",\"@id\":\"https:\/\/rooferslocal44.org\/#organization\",\"name\":\"Roofers, Waterproofers & Allied Workers Local Union 44\",\"url\":\"https:\/\/rooferslocal44.org\/\",\"logo\":{\"@type\":\"ImageObject\",\"inLanguage\":\"es\",\"@id\":\"https:\/\/rooferslocal44.org\/#\/schema\/logo\/image\/\",\"url\":\"https:\/\/rooferslocal44.org\/wp-content\/uploads\/2024\/12\/roofers-local-44-logo-color-v2-1.svg\",\"contentUrl\":\"https:\/\/rooferslocal44.org\/wp-content\/uploads\/2024\/12\/roofers-local-44-logo-color-v2-1.svg\",\"width\":\"1024\",\"height\":\"1024\",\"caption\":\"Roofers, Waterproofers & Allied Workers Local Union 44\"},\"image\":{\"@id\":\"https:\/\/rooferslocal44.org\/#\/schema\/logo\/image\/\"},\"sameAs\":[\"https:\/\/www.facebook.com\/rwlocal44\"]}]}<\/script>\n<!-- \/ Yoast SEO plugin. -->","yoast_head_json":{"title":"Privacy Policy - Roofers Local Union 44","robots":{"index":"index","follow":"follow","max-snippet":"max-snippet:-1","max-image-preview":"max-image-preview:large","max-video-preview":"max-video-preview:-1"},"canonical":"https:\/\/rooferslocal44.org\/es\/privacy-policy\/","og_locale":"es_MX","og_type":"article","og_title":"Privacy Policy - Roofers Local Union 44","og_description":"Thank you for visiting rooferslocal44.org. This Privacy Policy describes how we collect, use, and protect your information when you use our website.\u00a0 Information We Collect We collect the following types of information when you interact with our website: Personal Data: Information such as your name, email address, and phone number that you provide voluntarily through [&hellip;]","og_url":"https:\/\/rooferslocal44.org\/es\/privacy-policy\/","og_site_name":"Roofers Local Union 44","article_publisher":"https:\/\/www.facebook.com\/rwlocal44","article_modified_time":"2025-10-01T19:27:26+00:00","twitter_card":"summary_large_image","twitter_misc":{"Tiempo de lectura":"2 minutos"},"schema":{"@context":"https:\/\/schema.org","@graph":[{"@type":"WebPage","@id":"https:\/\/rooferslocal44.org\/privacy-policy\/","url":"https:\/\/rooferslocal44.org\/privacy-policy\/","name":"Privacy Policy - Roofers Local Union 44","isPartOf":{"@id":"https:\/\/rooferslocal44.org\/#website"},"datePublished":"2024-08-14T16:55:56+00:00","dateModified":"2025-10-01T19:27:26+00:00","breadcrumb":{"@id":"https:\/\/rooferslocal44.org\/privacy-policy\/#breadcrumb"},"inLanguage":"es","potentialAction":[{"@type":"ReadAction","target":["https:\/\/rooferslocal44.org\/privacy-policy\/"]}]},{"@type":"BreadcrumbList","@id":"https:\/\/rooferslocal44.org\/privacy-policy\/#breadcrumb","itemListElement":[{"@type":"ListItem","position":1,"name":"Home","item":"https:\/\/rooferslocal44.org\/"},{"@type":"ListItem","position":2,"name":"Privacy Policy"}]},{"@type":"WebSite","@id":"https:\/\/rooferslocal44.org\/#website","url":"https:\/\/rooferslocal44.org\/","name":"Roofers Local Union 44","description":"Roofers &amp; Waterproofers Local Union 44, Cleveland, Ohio","publisher":{"@id":"https:\/\/rooferslocal44.org\/#organization"},"potentialAction":[{"@type":"SearchAction","target":{"@type":"EntryPoint","urlTemplate":"https:\/\/rooferslocal44.org\/?s={search_term_string}"},"query-input":{"@type":"PropertyValueSpecification","valueRequired":true,"valueName":"search_term_string"}}],"inLanguage":"es"},{"@type":"Organization","@id":"https:\/\/rooferslocal44.org\/#organization","name":"Roofers, Waterproofers & Allied Workers Local Union 44","url":"https:\/\/rooferslocal44.org\/","logo":{"@type":"ImageObject","inLanguage":"es","@id":"https:\/\/rooferslocal44.org\/#\/schema\/logo\/image\/","url":"https:\/\/rooferslocal44.org\/wp-content\/uploads\/2024\/12\/roofers-local-44-logo-color-v2-1.svg","contentUrl":"https:\/\/rooferslocal44.org\/wp-content\/uploads\/2024\/12\/roofers-local-44-logo-color-v2-1.svg","width":"1024","height":"1024","caption":"Roofers, Waterproofers & Allied Workers Local Union 44"},"image":{"@id":"https:\/\/rooferslocal44.org\/#\/schema\/logo\/image\/"},"sameAs":["https:\/\/www.facebook.com\/rwlocal44"]}]}},"_links":{"self":[{"href":"https:\/\/rooferslocal44.org\/es\/wp-json\/wp\/v2\/pages\/3","targetHints":{"allow":["GET"]}}],"collection":[{"href":"https:\/\/rooferslocal44.org\/es\/wp-json\/wp\/v2\/pages"}],"about":[{"href":"https:\/\/rooferslocal44.org\/es\/wp-json\/wp\/v2\/types\/page"}],"author":[{"embeddable":true,"href":"https:\/\/rooferslocal44.org\/es\/wp-json\/wp\/v2\/users\/1"}],"replies":[{"embeddable":true,"href":"https:\/\/rooferslocal44.org\/es\/wp-json\/wp\/v2\/comments?post=3"}],"version-history":[{"count":0,"href":"https:\/\/rooferslocal44.org\/es\/wp-json\/wp\/v2\/pages\/3\/revisions"}],"wp:attachment":[{"href":"https:\/\/rooferslocal44.org\/es\/wp-json\/wp\/v2\/media?parent=3"}],"curies":[{"name":"wp","href":"https:\/\/api.w.org\/{rel}","templated":true}]}}